{"id":6,"date":"2022-10-13T19:53:37","date_gmt":"2022-10-13T19:53:37","guid":{"rendered":"https:\/\/feuerwehr-suchsdorf.de\/?page_id=6"},"modified":"2025-07-24T16:37:44","modified_gmt":"2025-07-24T16:37:44","slug":"feuerwehr-suchsdorf","status":"publish","type":"page","link":"https:\/\/feuerwehr-suchsdorf.de\/","title":{"rendered":"Start"},"content":{"rendered":"\n<div class=\"wp-block-columns alignfull are-vertically-aligned-center is-layout-flex wp-container-core-columns-is-layout-28f84493 wp-block-columns-is-layout-flex\">\n<div class=\"wp-block-column is-vertically-aligned-center is-layout-flow wp-block-column-is-layout-flow\">\n<div class=\"alignnormal\"><div id=\"metaslider-id-70\" style=\"max-width: 1920px; margin: 0 auto;\" class=\"ml-slider-3-107-0 metaslider metaslider-coin metaslider-70 ml-slider has-dots-nav ms-theme-outline\" role=\"region\" aria-label=\"Galerie_1\" data-height=\"600\" data-width=\"1920\">\n    <div id=\"metaslider_container_70\">\n        <div id='metaslider_70' class='coin-slider'>\n<a href=\"javascript:void(0)\" target=\"_self\"><img loading=\"lazy\" decoding=\"async\" src=\"https:\/\/feuerwehr-suchsdorf.de\/wp-content\/uploads\/2023\/04\/HLF-10-Kiel-Suchsdorf-KLI_1555-1920x600.jpg\" height=\"600\" width=\"1920\" alt=\"\" class=\"slider-70 slide-553 msDefaultImage\" title=\"HLF 10 Kiel-Suchsdorf KLI_1555\" style=\"display: none;\" \/><\/a>\n<a href=\"javascript:void(0)\" target=\"_self\"><img loading=\"lazy\" decoding=\"async\" src=\"https:\/\/feuerwehr-suchsdorf.de\/wp-content\/uploads\/2022\/11\/Image00011-scaled-1920x600.jpg\" height=\"600\" width=\"1920\" alt=\"\" class=\"slider-70 slide-75 msDefaultImage\" title=\"Image00011\" style=\"display: none;\" \/><\/a>\n<a href=\"javascript:void(0)\" target=\"_self\"><img loading=\"lazy\" decoding=\"async\" src=\"https:\/\/feuerwehr-suchsdorf.de\/wp-content\/uploads\/2022\/11\/Image00003-scaled-1920x600.jpg\" height=\"600\" width=\"1920\" alt=\"\" class=\"slider-70 slide-106 msDefaultImage\" title=\"Image00003\" style=\"display: none;\" \/><\/a>\n<a href=\"javascript:void(0)\" target=\"_self\"><img loading=\"lazy\" decoding=\"async\" src=\"https:\/\/feuerwehr-suchsdorf.de\/wp-content\/uploads\/2025\/07\/434A2321-1920x600.jpeg\" height=\"600\" width=\"1920\" alt=\"\" class=\"slider-70 slide-107 msDefaultImage\" title=\"434A2321\" style=\"display: none;\" \/><\/a>\n<a href=\"javascript:void(0)\" target=\"_self\"><img loading=\"lazy\" decoding=\"async\" src=\"https:\/\/feuerwehr-suchsdorf.de\/wp-content\/uploads\/2025\/07\/434A2383-1920x600.jpeg\" height=\"600\" width=\"1920\" alt=\"\" class=\"slider-70 slide-111 msDefaultImage\" title=\"434A2383\" style=\"display: none;\" \/><\/a>\n        <\/div>\n        \n    <\/div>\n<\/div><\/div>\n<\/div>\n<\/div>\n\n\n\n<div class=\"wp-block-columns is-layout-flex wp-container-core-columns-is-layout-28f84493 wp-block-columns-is-layout-flex\">\n<div class=\"wp-block-column is-layout-flow wp-block-column-is-layout-flow\">\n<div class=\"wp-block-columns has-white-background-color has-background is-layout-flex wp-container-core-columns-is-layout-d7d455e7 wp-block-columns-is-layout-flex\" style=\"padding-top:0;padding-right:0;padding-bottom:0;padding-left:0\">\n<div class=\"wp-block-column is-layout-flow wp-block-column-is-layout-flow\">\n<hr class=\"wp-block-separator has-alpha-channel-opacity is-style-wide\"\/>\n\n\n\n<h3 class=\"wp-block-heading\">Freiwillige Feuerwehr Kiel-Suchsdorf<\/h3>\n\n\n\n<p>Die FF Suchsdorf ist in den Kieler Stadtteilen Suchsdorf, Wik, Klausbrook, Ravensberg, Bl\u00fccherplatz, D\u00fcsternbrook und Brunswik aktiv. Wir helfen bei Br\u00e4nden, Not- und Ungl\u00fccksf\u00e4llen und leisten technische Hilfe. <\/p>\n\n\n\n<div class=\"wp-block-buttons is-content-justification-center is-layout-flex wp-container-core-buttons-is-layout-a89b3969 wp-block-buttons-is-layout-flex\">\n<div class=\"wp-block-button\"><a class=\"wp-block-button__link wp-element-button\" href=\"https:\/\/feuerwehr-suchsdorf.de\/wp-content\/uploads\/2025\/02\/Jahresbericht_FF_Suchsdorf_2024.pdf\">Jahresbericht 2024 (PDF)<\/a><\/div>\n\n\n\n<div class=\"wp-block-button\"><a class=\"wp-block-button__link wp-element-button\" href=\"https:\/\/feuerwehr-suchsdorf.de\/?page_id=34\">Mitglied werden<\/a><\/div>\n<\/div>\n\n\n\n<hr class=\"wp-block-separator has-alpha-channel-opacity is-style-wide\"\/>\n\n\n\n<h2 class=\"wp-block-heading\">Neuigkeiten und Veranstaltungen<\/h2>\n\n\n\n<div class=\"wp-block-query is-layout-flow wp-block-query-is-layout-flow\"><ul class=\"wp-block-post-template is-layout-flow wp-block-post-template-is-layout-flow\"><li class=\"wp-block-post post-1339 post type-post status-publish format-standard has-post-thumbnail hentry category-neuigkeiten category-veranstaltungen\">\n\n<div class=\"wp-block-group is-content-justification-left is-layout-constrained wp-container-core-group-is-layout-b5001bb0 wp-block-group-is-layout-constrained\" style=\"margin-bottom:3.5vw\"><figure style=\"height:300px; margin-top:0px;margin-right:0;\" class=\"wp-block-post-featured-image\"><a href=\"https:\/\/feuerwehr-suchsdorf.de\/?p=1339\" target=\"_self\"  style=\"height:300px\"><img loading=\"lazy\" decoding=\"async\" width=\"541\" height=\"765\" src=\"https:\/\/feuerwehr-suchsdorf.de\/wp-content\/uploads\/2026\/03\/PHOTO-2026-03-13-18-11-16-541x765.jpg\" class=\"attachment-post-thumbnail size-post-thumbnail wp-post-image\" alt=\"Osterfeuer am 4. April\" style=\"height:300px;object-fit:cover;\" srcset=\"https:\/\/feuerwehr-suchsdorf.de\/wp-content\/uploads\/2026\/03\/PHOTO-2026-03-13-18-11-16-541x765.jpg 541w, https:\/\/feuerwehr-suchsdorf.de\/wp-content\/uploads\/2026\/03\/PHOTO-2026-03-13-18-11-16-212x300.jpg 212w, https:\/\/feuerwehr-suchsdorf.de\/wp-content\/uploads\/2026\/03\/PHOTO-2026-03-13-18-11-16-724x1024.jpg 724w, https:\/\/feuerwehr-suchsdorf.de\/wp-content\/uploads\/2026\/03\/PHOTO-2026-03-13-18-11-16-768x1086.jpg 768w, https:\/\/feuerwehr-suchsdorf.de\/wp-content\/uploads\/2026\/03\/PHOTO-2026-03-13-18-11-16-1087x1536.jpg 1087w, https:\/\/feuerwehr-suchsdorf.de\/wp-content\/uploads\/2026\/03\/PHOTO-2026-03-13-18-11-16.jpg 1132w\" sizes=\"auto, (max-width: 541px) 100vw, 541px\" \/><span class=\"wp-block-post-featured-image__overlay has-background-dim has-background-dim-10\" style=\"\" aria-hidden=\"true\"><\/span><\/a><\/figure>\n\n<h2 class=\"is-style-underlined-heading wp-block-post-title has-huge-font-size\"><a href=\"https:\/\/feuerwehr-suchsdorf.de\/?p=1339\" target=\"_self\" >Osterfeuer am 4. April<\/a><\/h2>\n\n<div style=\"margin-bottom:0px;\" class=\"wp-block-post-excerpt\"><p class=\"wp-block-post-excerpt__excerpt\">Diese Woche findet wieder unser Osterfeuer statt. Am Samstagabend ab 18:30 Uhr gibt es rund ums Feuer wieder Wurst vom [&hellip;]<\/p><p class=\"wp-block-post-excerpt__more-text\"><a class=\"wp-block-post-excerpt__more-link\" href=\"https:\/\/feuerwehr-suchsdorf.de\/?p=1339\"><strong>Weiterlesen<\/strong><\/a><\/p><\/div><\/div>\n\n<\/li><li class=\"wp-block-post post-1204 post type-post status-publish format-standard has-post-thumbnail hentry category-veranstaltungen\">\n\n<div class=\"wp-block-group is-content-justification-left is-layout-constrained wp-container-core-group-is-layout-b5001bb0 wp-block-group-is-layout-constrained\" style=\"margin-bottom:3.5vw\"><figure style=\"height:300px; margin-top:0px;margin-right:0;\" class=\"wp-block-post-featured-image\"><a href=\"https:\/\/feuerwehr-suchsdorf.de\/?p=1204\" target=\"_self\"  style=\"height:300px\"><img loading=\"lazy\" decoding=\"async\" width=\"541\" height=\"765\" src=\"https:\/\/feuerwehr-suchsdorf.de\/wp-content\/uploads\/2025\/09\/laterne-541x765.jpg\" class=\"attachment-post-thumbnail size-post-thumbnail wp-post-image\" alt=\"Laternenumzug am 17.10.2025\" style=\"height:300px;object-fit:cover;\" srcset=\"https:\/\/feuerwehr-suchsdorf.de\/wp-content\/uploads\/2025\/09\/laterne-541x765.jpg 541w, https:\/\/feuerwehr-suchsdorf.de\/wp-content\/uploads\/2025\/09\/laterne-212x300.jpg 212w, https:\/\/feuerwehr-suchsdorf.de\/wp-content\/uploads\/2025\/09\/laterne-724x1024.jpg 724w, https:\/\/feuerwehr-suchsdorf.de\/wp-content\/uploads\/2025\/09\/laterne-768x1086.jpg 768w, https:\/\/feuerwehr-suchsdorf.de\/wp-content\/uploads\/2025\/09\/laterne-1086x1536.jpg 1086w, https:\/\/feuerwehr-suchsdorf.de\/wp-content\/uploads\/2025\/09\/laterne-1448x2048.jpg 1448w, https:\/\/feuerwehr-suchsdorf.de\/wp-content\/uploads\/2025\/09\/laterne-scaled.jpg 1810w\" sizes=\"auto, (max-width: 541px) 100vw, 541px\" \/><span class=\"wp-block-post-featured-image__overlay has-background-dim has-background-dim-10\" style=\"\" aria-hidden=\"true\"><\/span><\/a><\/figure>\n\n<h2 class=\"is-style-underlined-heading wp-block-post-title has-huge-font-size\"><a href=\"https:\/\/feuerwehr-suchsdorf.de\/?p=1204\" target=\"_self\" >Laternenumzug am 17.10.2025<\/a><\/h2>\n\n<div style=\"margin-bottom:0px;\" class=\"wp-block-post-excerpt\"><p class=\"wp-block-post-excerpt__excerpt\">\ud83d\udcc5 Wann?17. Oktober 2025\ud83d\udd55 Ab 18:00 Uhr \u2013 Treffpunkt am Feuerwehrhaus Der Umzug startet um 18:45 Uhr \u2013 ebenfalls ab [&hellip;]<\/p><p class=\"wp-block-post-excerpt__more-text\"><a class=\"wp-block-post-excerpt__more-link\" href=\"https:\/\/feuerwehr-suchsdorf.de\/?p=1204\"><strong>Weiterlesen<\/strong><\/a><\/p><\/div><\/div>\n\n<\/li><li class=\"wp-block-post post-1173 post type-post status-publish format-standard has-post-thumbnail hentry category-neuigkeiten\">\n\n<div class=\"wp-block-group is-content-justification-left is-layout-constrained wp-container-core-group-is-layout-b5001bb0 wp-block-group-is-layout-constrained\" style=\"margin-bottom:3.5vw\"><figure style=\"height:300px; margin-top:0px;margin-right:0;\" class=\"wp-block-post-featured-image\"><a href=\"https:\/\/feuerwehr-suchsdorf.de\/?p=1173\" target=\"_self\"  style=\"height:300px\"><img loading=\"lazy\" decoding=\"async\" width=\"913\" height=\"765\" src=\"https:\/\/feuerwehr-suchsdorf.de\/wp-content\/uploads\/2025\/08\/Feuerwehr-INFO-2.zip-1-913x765.png\" class=\"attachment-post-thumbnail size-post-thumbnail wp-post-image\" alt=\"Einweihung neues LF 20 KatS\" style=\"height:300px;object-fit:cover;\" srcset=\"https:\/\/feuerwehr-suchsdorf.de\/wp-content\/uploads\/2025\/08\/Feuerwehr-INFO-2.zip-1-913x765.png 913w, https:\/\/feuerwehr-suchsdorf.de\/wp-content\/uploads\/2025\/08\/Feuerwehr-INFO-2.zip-1-300x251.png 300w, https:\/\/feuerwehr-suchsdorf.de\/wp-content\/uploads\/2025\/08\/Feuerwehr-INFO-2.zip-1-768x644.png 768w, https:\/\/feuerwehr-suchsdorf.de\/wp-content\/uploads\/2025\/08\/Feuerwehr-INFO-2.zip-1.png 940w\" sizes=\"auto, (max-width: 913px) 100vw, 913px\" \/><span class=\"wp-block-post-featured-image__overlay has-background-dim has-background-dim-10\" style=\"\" aria-hidden=\"true\"><\/span><\/a><\/figure>\n\n<h2 class=\"is-style-underlined-heading wp-block-post-title has-huge-font-size\"><a href=\"https:\/\/feuerwehr-suchsdorf.de\/?p=1173\" target=\"_self\" >Einweihung neues LF 20 KatS<\/a><\/h2>\n\n<div style=\"margin-bottom:0px;\" class=\"wp-block-post-excerpt\"><p class=\"wp-block-post-excerpt__excerpt\">Am 23.07.2025 durften wir unser neues L\u00f6schgruppenfahrzeug Katastrophenschutz (LF-KatS) feierlich einweihen. Bei bestem typisch Norddeutschen Wetter aber guter Stimmung, leckerem [&hellip;]<\/p><p class=\"wp-block-post-excerpt__more-text\"><a class=\"wp-block-post-excerpt__more-link\" href=\"https:\/\/feuerwehr-suchsdorf.de\/?p=1173\"><strong>Weiterlesen<\/strong><\/a><\/p><\/div><\/div>\n\n<\/li><\/ul><\/div>\n\n\n\n<hr class=\"wp-block-separator has-alpha-channel-opacity is-style-wide\"\/>\n\n\n\n\n\n\n\n<hr class=\"wp-block-separator has-alpha-channel-opacity is-style-wide\"\/>\n\n\n\n<div class=\"wp-block-columns is-layout-flex wp-container-core-columns-is-layout-28f84493 wp-block-columns-is-layout-flex\">\n<div class=\"wp-block-column is-layout-flow wp-block-column-is-layout-flow\" style=\"padding-top:var(--wp--preset--spacing--20);padding-right:var(--wp--preset--spacing--20);padding-bottom:var(--wp--preset--spacing--20);padding-left:var(--wp--preset--spacing--20)\">\n<h2 class=\"wp-block-heading\">Letzte Eins\u00e4tze<\/h2>\n\n\n<ul class=\"wp-block-latest-posts__list is-grid columns-3 wp-block-latest-posts\"><li><div class=\"wp-block-latest-posts__featured-image\"><img loading=\"lazy\" decoding=\"async\" width=\"150\" height=\"150\" src=\"https:\/\/feuerwehr-suchsdorf.de\/wp-content\/uploads\/2025\/07\/434A2383-150x150.jpeg\" class=\"attachment-thumbnail size-thumbnail wp-post-image\" alt=\"\" style=\"\" \/><\/div><a class=\"wp-block-latest-posts__post-title\" href=\"https:\/\/feuerwehr-suchsdorf.de\/?p=1358\">Wachbesetzung Hauptfeuerwache<\/a><div class=\"wp-block-latest-posts__post-full-content\"><!-- wp:paragraph -->\n<p id=\"block-7874a043-dd78-4cb1-9338-bd8d304a607a\">Alarmierung: 31.03.2026 14:18 Uhr<\/p>\n<!-- \/wp:paragraph -->\n\n<!-- wp:paragraph -->\n<p id=\"block-44a89196-b51c-439b-8d77-d5493a4ae167\">Einsatzart: Wachbesetzung Hauptfeuerwache<\/p>\n<!-- \/wp:paragraph -->\n\n<!-- wp:paragraph -->\n<p id=\"block-b68a1fa0-6d06-4552-a760-6f7f4551cadf\">Einsatzort: Kiel Schreventeich<\/p>\n<!-- \/wp:paragraph -->\n\n<!-- wp:paragraph -->\n<p id=\"block-4e096b99-cbe6-44c6-8676-18a3c4372aaa\">Fahrzeuge: HLF 10, TLF 3000<\/p>\n<!-- \/wp:paragraph -->\n\n<!-- wp:paragraph -->\n<p id=\"block-d8aed5e6-24a5-4931-b0c6-66d54ca9da8d\">Beschreibung: Wir wurden aufgrund eines Gr\u00f6\u00dferen Eins\u00e4tzes im Kieler Stadtgebiet zur Wachbesetzung der Hauptfeuerwache alarmiert.<\/p>\n<!-- \/wp:paragraph --><\/div><\/li>\n<li><div class=\"wp-block-latest-posts__featured-image\"><img loading=\"lazy\" decoding=\"async\" width=\"150\" height=\"150\" src=\"https:\/\/feuerwehr-suchsdorf.de\/wp-content\/uploads\/2025\/07\/434A2383-150x150.jpeg\" class=\"attachment-thumbnail size-thumbnail wp-post-image\" alt=\"\" style=\"\" \/><\/div><a class=\"wp-block-latest-posts__post-title\" href=\"https:\/\/feuerwehr-suchsdorf.de\/?p=1355\">Wachbesetzung Hauptfeuerwache<\/a><div class=\"wp-block-latest-posts__post-full-content\"><!-- wp:paragraph -->\n<p id=\"block-7874a043-dd78-4cb1-9338-bd8d304a607a\">Alarmierung: 29.03.2026 17:49 Uhr<\/p>\n<!-- \/wp:paragraph -->\n\n<!-- wp:paragraph -->\n<p id=\"block-44a89196-b51c-439b-8d77-d5493a4ae167\">Einsatzart: Wachbesetzung Hauptfeuerwache<\/p>\n<!-- \/wp:paragraph -->\n\n<!-- wp:paragraph -->\n<p id=\"block-b68a1fa0-6d06-4552-a760-6f7f4551cadf\">Einsatzort: Kiel Schreventeich<\/p>\n<!-- \/wp:paragraph -->\n\n<!-- wp:paragraph -->\n<p id=\"block-4e096b99-cbe6-44c6-8676-18a3c4372aaa\">Fahrzeuge: HLF 10, TLF 3000<\/p>\n<!-- \/wp:paragraph -->\n\n<!-- wp:paragraph -->\n<p id=\"block-d8aed5e6-24a5-4931-b0c6-66d54ca9da8d\">Beschreibung: Wir wurden aufgrund mehrerer Eins\u00e4tze im Kieler Stadtgebiet zur Wachbesetzung der Hauptfeuerwache alarmiert. <\/p>\n<!-- \/wp:paragraph --><\/div><\/li>\n<li><div class=\"wp-block-latest-posts__featured-image\"><img loading=\"lazy\" decoding=\"async\" width=\"150\" height=\"150\" src=\"https:\/\/feuerwehr-suchsdorf.de\/wp-content\/uploads\/2023\/07\/434A6801-150x150.jpeg\" class=\"attachment-thumbnail size-thumbnail wp-post-image\" alt=\"\" style=\"\" \/><\/div><a class=\"wp-block-latest-posts__post-title\" href=\"https:\/\/feuerwehr-suchsdorf.de\/?p=1352\">Brandeinsatz<\/a><div class=\"wp-block-latest-posts__post-full-content\"><!-- wp:paragraph -->\n<p id=\"block-7874a043-dd78-4cb1-9338-bd8d304a607a\">Alarmierung: 27.03.2026 22:19 Uhr<\/p>\n<!-- \/wp:paragraph -->\n\n<!-- wp:paragraph -->\n<p id=\"block-44a89196-b51c-439b-8d77-d5493a4ae167\">Einsatzart: Brandeinsatz<\/p>\n<!-- \/wp:paragraph -->\n\n<!-- wp:paragraph -->\n<p id=\"block-b68a1fa0-6d06-4552-a760-6f7f4551cadf\">Einsatzort: Kiel D\u00fcsternbrook<\/p>\n<!-- \/wp:paragraph -->\n\n<!-- wp:paragraph -->\n<p id=\"block-4e096b99-cbe6-44c6-8676-18a3c4372aaa\">Fahrzeuge: HLF 10,TLF 3000, LF 20 KatS<\/p>\n<!-- \/wp:paragraph -->\n\n<!-- wp:paragraph -->\n<p id=\"block-d8aed5e6-24a5-4931-b0c6-66d54ca9da8d\">Beschreibung: Wir wurden zusammen mit der Berufsfeuerwehr Kiel Haupt-, Ost- und Nordwache sowie der Polizei und dem Rettungsdienst zu einem Brandeinsatz alarmiert. <\/p>\n<!-- \/wp:paragraph --><\/div><\/li>\n<\/ul><\/div>\n<\/div>\n\n\n\n<hr class=\"wp-block-separator has-alpha-channel-opacity is-style-wide\"\/>\n\n\n\n<ul class=\"wp-block-list\">\n<li><a href=\"https:\/\/feuerwehr-suchsdorf.de\/?page_id=123\" data-type=\"page\" data-id=\"123\">\u00dcber die FF Suchsdorf<\/a><\/li>\n\n\n\n<li><a href=\"https:\/\/kiel.fox112.de\/HomePageDienstplanFF.php?DIENSTPLAN=138597140&amp;HINTERGRUND=FFFFFF\" target=\"_blank\" rel=\"noreferrer noopener\">Dienstplan<\/a><\/li>\n\n\n\n<li><a href=\"https:\/\/feuerwehr-suchsdorf.de\/?page_id=34\" data-type=\"page\" data-id=\"34\">Kontakt<\/a><\/li>\n<\/ul>\n<\/div>\n<\/div>\n<\/div>\n<\/div>\n","protected":false},"excerpt":{"rendered":"<p>Freiwillige Feuerwehr Kiel-Suchsdorf Die FF Suchsdorf ist in den Kieler Stadtteilen Suchsdorf, Wik, Klausbrook, Ravensberg, Bl\u00fccherplatz, D\u00fcsternbrook und Brunswik aktiv. [&hellip;]<\/p>\n","protected":false},"author":1,"featured_media":0,"parent":0,"menu_order":0,"comment_status":"closed","ping_status":"closed","template":"page-no-title-fullwidth","meta":{"footnotes":""},"class_list":["post-6","page","type-page","status-publish","hentry"],"_links":{"self":[{"href":"https:\/\/feuerwehr-suchsdorf.de\/index.php?rest_route=\/wp\/v2\/pages\/6","targetHints":{"allow":["GET"]}}],"collection":[{"href":"https:\/\/feuerwehr-suchsdorf.de\/index.php?rest_route=\/wp\/v2\/pages"}],"about":[{"href":"https:\/\/feuerwehr-suchsdorf.de\/index.php?rest_route=\/wp\/v2\/types\/page"}],"author":[{"embeddable":true,"href":"https:\/\/feuerwehr-suchsdorf.de\/index.php?rest_route=\/wp\/v2\/users\/1"}],"replies":[{"embeddable":true,"href":"https:\/\/feuerwehr-suchsdorf.de\/index.php?rest_route=%2Fwp%2Fv2%2Fcomments&post=6"}],"version-history":[{"count":57,"href":"https:\/\/feuerwehr-suchsdorf.de\/index.php?rest_route=\/wp\/v2\/pages\/6\/revisions"}],"predecessor-version":[{"id":1153,"href":"https:\/\/feuerwehr-suchsdorf.de\/index.php?rest_route=\/wp\/v2\/pages\/6\/revisions\/1153"}],"wp:attachment":[{"href":"https:\/\/feuerwehr-suchsdorf.de\/index.php?rest_route=%2Fwp%2Fv2%2Fmedia&parent=6"}],"curies":[{"name":"wp","href":"https:\/\/api.w.org\/{rel}","templated":true}]}}