{"id":207,"date":"2022-11-30T14:36:52","date_gmt":"2022-11-30T14:36:52","guid":{"rendered":"https:\/\/feuerwehr-suchsdorf.de\/?page_id=207"},"modified":"2026-01-19T16:20:18","modified_gmt":"2026-01-19T16:20:18","slug":"technik","status":"publish","type":"page","link":"https:\/\/feuerwehr-suchsdorf.de\/?page_id=207","title":{"rendered":"Technik"},"content":{"rendered":"\n<div class=\"wp-block-cover alignfull is-light\"><img loading=\"lazy\" decoding=\"async\" width=\"2560\" height=\"1128\" class=\"wp-block-cover__image-background wp-image-26\" alt=\"\" src=\"https:\/\/feuerwehr-suchsdorf.de\/wp-content\/uploads\/2022\/10\/1D4L6129-HDR-scaled.jpg\" data-object-fit=\"cover\" srcset=\"https:\/\/feuerwehr-suchsdorf.de\/wp-content\/uploads\/2022\/10\/1D4L6129-HDR-scaled.jpg 2560w, https:\/\/feuerwehr-suchsdorf.de\/wp-content\/uploads\/2022\/10\/1D4L6129-HDR-300x132.jpg 300w, https:\/\/feuerwehr-suchsdorf.de\/wp-content\/uploads\/2022\/10\/1D4L6129-HDR-1024x451.jpg 1024w, https:\/\/feuerwehr-suchsdorf.de\/wp-content\/uploads\/2022\/10\/1D4L6129-HDR-768x338.jpg 768w, https:\/\/feuerwehr-suchsdorf.de\/wp-content\/uploads\/2022\/10\/1D4L6129-HDR-1536x677.jpg 1536w, https:\/\/feuerwehr-suchsdorf.de\/wp-content\/uploads\/2022\/10\/1D4L6129-HDR-2048x902.jpg 2048w, https:\/\/feuerwehr-suchsdorf.de\/wp-content\/uploads\/2022\/10\/1D4L6129-HDR-1200x529.jpg 1200w, https:\/\/feuerwehr-suchsdorf.de\/wp-content\/uploads\/2022\/10\/1D4L6129-HDR-1980x872.jpg 1980w\" sizes=\"auto, (max-width: 2560px) 100vw, 2560px\" \/><span aria-hidden=\"true\" class=\"wp-block-cover__background has-background-dim-30 has-background-dim\"><\/span><div class=\"wp-block-cover__inner-container is-layout-flow wp-block-cover-is-layout-flow\">\n<div class=\"wp-block-group is-layout-constrained wp-container-core-group-is-layout-e3dbad20 wp-block-group-is-layout-constrained\" style=\"padding-top:3.5vw;padding-right:3.5vw;padding-bottom:3.5vw;padding-left:3.5vw\">\n<div class=\"wp-block-columns is-layout-flex wp-container-core-columns-is-layout-d2ca7aa4 wp-block-columns-is-layout-flex\">\n<div class=\"wp-block-column is-layout-flow wp-block-column-is-layout-flow\" style=\"flex-basis:40%\">\n<div style=\"height:150px\" aria-hidden=\"true\" class=\"wp-block-spacer\"><\/div>\n\n\n\n<div class=\"wp-block-group has-dark-background-color has-white-background-color has-text-color has-background is-layout-flow wp-block-group-is-layout-flow\" style=\"padding-top:3rem;padding-right:3rem;padding-bottom:3rem;padding-left:3rem\">\n<h2 class=\"wp-block-heading is-style-underlined-heading\">Fahrzeuge und Ausr\u00fcstung<\/h2>\n\n\n\n<p>Die FF Kiel-Suchsdorf verf\u00fcgt \u00fcber f\u00fcnf Einsatzfahrzeuge mit Ausr\u00fcstung f\u00fcr verschiedene Lagen und Einsatzorte.<\/p>\n<\/div>\n<\/div>\n\n\n\n<div class=\"wp-block-column is-layout-flow wp-block-column-is-layout-flow\" style=\"flex-basis:60%\"><\/div>\n<\/div>\n<\/div>\n<\/div><\/div>\n\n\n\n<h1 class=\"wp-block-heading\">Fuhrpark<\/h1>\n\n\n\n<p>F\u00fcr Details auf den Fahrzeugnamen klicken \ud83d\ude92<\/p>\n\n\n\n<div class=\"wp-block-pb-accordion-item c-accordion__item js-accordion-item no-js\" data-initially-open=\"false\" data-click-to-close=\"true\" data-auto-close=\"true\" data-scroll=\"false\" data-scroll-offset=\"0\"><h2 id=\"at-2070\" class=\"c-accordion__title js-accordion-controller\" role=\"button\">L\u00f6schgruppenfahrzeug 20 Katastrophenschutz <\/h2><div id=\"ac-2070\" class=\"c-accordion__content\">\n<div class=\"wp-block-columns is-layout-flex wp-container-core-columns-is-layout-28f84493 wp-block-columns-is-layout-flex\">\n<div class=\"wp-block-column is-layout-flow wp-block-column-is-layout-flow\" style=\"flex-basis:66.66%\">\n<figure class=\"wp-block-image size-large\"><img loading=\"lazy\" decoding=\"async\" width=\"1024\" height=\"683\" src=\"https:\/\/feuerwehr-suchsdorf.de\/wp-content\/uploads\/2025\/07\/434A2321-1024x683.jpeg\" alt=\"\" class=\"wp-image-1147\" srcset=\"https:\/\/feuerwehr-suchsdorf.de\/wp-content\/uploads\/2025\/07\/434A2321-1024x683.jpeg 1024w, https:\/\/feuerwehr-suchsdorf.de\/wp-content\/uploads\/2025\/07\/434A2321-300x200.jpeg 300w, https:\/\/feuerwehr-suchsdorf.de\/wp-content\/uploads\/2025\/07\/434A2321-768x512.jpeg 768w, https:\/\/feuerwehr-suchsdorf.de\/wp-content\/uploads\/2025\/07\/434A2321-1536x1025.jpeg 1536w, https:\/\/feuerwehr-suchsdorf.de\/wp-content\/uploads\/2025\/07\/434A2321-1147x765.jpeg 1147w\" sizes=\"auto, (max-width: 1024px) 100vw, 1024px\" \/><\/figure>\n<\/div>\n\n\n\n<div class=\"wp-block-column is-layout-flow wp-block-column-is-layout-flow\" style=\"flex-basis:33.33%\">\n<ul class=\"wp-block-list\">\n<li><strong>Hersteller:<\/strong>&nbsp;Mercedes-Benz<\/li>\n\n\n\n<li><strong>Typ:<\/strong>&nbsp;Atego1327 4&#215;4 AF EU6<\/li>\n\n\n\n<li><strong>Baujahr:<\/strong>&nbsp;2023<\/li>\n\n\n\n<li><strong>Leistung:<\/strong>&nbsp;271 PS<\/li>\n\n\n\n<li><strong>Antrieb:<\/strong>&nbsp;Allradantrieb, Einzelbereifung<\/li>\n\n\n\n<li><strong>Gewicht:<\/strong>&nbsp;14 t<\/li>\n\n\n\n<li><strong>Aufbau:<\/strong>&nbsp;EMPL<\/li>\n\n\n\n<li><strong>Besatzung:<\/strong>&nbsp;9 Feuerwehrleute<\/li>\n\n\n\n<li><strong>L\u00f6schwassertank:<\/strong> 1000 Liter&nbsp;<\/li>\n\n\n\n<li><strong>Einsatz:<\/strong>&nbsp;Fahrzeug f\u00fcr den Katastrophenschutz<\/li>\n<\/ul>\n<\/div>\n<\/div>\n<\/div><\/div>\n\n\n\n<div class=\"wp-block-pb-accordion-item c-accordion__item js-accordion-item no-js\" data-initially-open=\"false\" data-click-to-close=\"true\" data-auto-close=\"true\" data-scroll=\"false\" data-scroll-offset=\"0\"><h2 id=\"at-2071\" class=\"c-accordion__title js-accordion-controller\" role=\"button\">Hilfeleistungsl\u00f6schgruppenfahrzeug 10<\/h2><div id=\"ac-2071\" class=\"c-accordion__content\">\n<div class=\"wp-block-columns is-layout-flex wp-container-core-columns-is-layout-28f84493 wp-block-columns-is-layout-flex\">\n<div class=\"wp-block-column is-layout-flow wp-block-column-is-layout-flow\" style=\"flex-basis:66.66%\">\n<figure class=\"wp-block-image size-large\"><img loading=\"lazy\" decoding=\"async\" width=\"1024\" height=\"683\" src=\"https:\/\/feuerwehr-suchsdorf.de\/wp-content\/uploads\/2023\/07\/434A6785-1024x683.jpeg\" alt=\"\" class=\"wp-image-664\" srcset=\"https:\/\/feuerwehr-suchsdorf.de\/wp-content\/uploads\/2023\/07\/434A6785-1024x683.jpeg 1024w, https:\/\/feuerwehr-suchsdorf.de\/wp-content\/uploads\/2023\/07\/434A6785-300x200.jpeg 300w, https:\/\/feuerwehr-suchsdorf.de\/wp-content\/uploads\/2023\/07\/434A6785-768x512.jpeg 768w, https:\/\/feuerwehr-suchsdorf.de\/wp-content\/uploads\/2023\/07\/434A6785-1536x1025.jpeg 1536w, https:\/\/feuerwehr-suchsdorf.de\/wp-content\/uploads\/2023\/07\/434A6785-2048x1366.jpeg 2048w, https:\/\/feuerwehr-suchsdorf.de\/wp-content\/uploads\/2023\/07\/434A6785-1147x765.jpeg 1147w\" sizes=\"auto, (max-width: 1024px) 100vw, 1024px\" \/><\/figure>\n<\/div>\n\n\n\n<div class=\"wp-block-column is-layout-flow wp-block-column-is-layout-flow\" style=\"flex-basis:33.33%\">\n<ul class=\"wp-block-list\">\n<li><strong>Hersteller:<\/strong>&nbsp;Mercedes-Benz<\/li>\n\n\n\n<li><strong>Typ:<\/strong>&nbsp;Atego1630 4&#215;4 AF EU6<\/li>\n\n\n\n<li><strong>Baujahr:<\/strong>&nbsp;2022<\/li>\n\n\n\n<li><strong>Leistung:<\/strong>&nbsp;300 PS<\/li>\n\n\n\n<li><strong>Antrieb:<\/strong>&nbsp;Allradantrieb, Zwillingsbereifung<\/li>\n\n\n\n<li><strong>Gewicht:<\/strong>&nbsp;14 t<\/li>\n\n\n\n<li><strong>Aufbau:<\/strong>&nbsp;Wiss Integralkabine<\/li>\n\n\n\n<li><strong>Besatzung:<\/strong>&nbsp;9 Feuerwehrleute<\/li>\n\n\n\n<li><strong>L\u00f6schwassertank:<\/strong>&nbsp;1600 Liter<\/li>\n\n\n\n<li><strong>Einsatz:<\/strong> Fahrzeug f\u00fcr den Brandschutz sowie f\u00fcr die technische Hilfeleistung<\/li>\n<\/ul>\n<\/div>\n<\/div>\n<\/div><\/div>\n\n\n\n<div class=\"wp-block-pb-accordion-item c-accordion__item js-accordion-item no-js\" data-initially-open=\"false\" data-click-to-close=\"true\" data-auto-close=\"true\" data-scroll=\"false\" data-scroll-offset=\"0\"><h2 id=\"at-2072\" class=\"c-accordion__title js-accordion-controller\" role=\"button\">Tankl\u00f6schfahrzeug 3000<\/h2><div id=\"ac-2072\" class=\"c-accordion__content\">\n<div class=\"wp-block-columns is-layout-flex wp-container-core-columns-is-layout-28f84493 wp-block-columns-is-layout-flex\">\n<div class=\"wp-block-column is-layout-flow wp-block-column-is-layout-flow\" style=\"flex-basis:66.66%\">\n<figure class=\"wp-block-image size-large\"><img loading=\"lazy\" decoding=\"async\" width=\"1024\" height=\"683\" src=\"https:\/\/feuerwehr-suchsdorf.de\/wp-content\/uploads\/2023\/07\/434A6781-1024x683.jpeg\" alt=\"\" class=\"wp-image-663\" srcset=\"https:\/\/feuerwehr-suchsdorf.de\/wp-content\/uploads\/2023\/07\/434A6781-1024x683.jpeg 1024w, https:\/\/feuerwehr-suchsdorf.de\/wp-content\/uploads\/2023\/07\/434A6781-300x200.jpeg 300w, https:\/\/feuerwehr-suchsdorf.de\/wp-content\/uploads\/2023\/07\/434A6781-768x512.jpeg 768w, https:\/\/feuerwehr-suchsdorf.de\/wp-content\/uploads\/2023\/07\/434A6781-1536x1025.jpeg 1536w, https:\/\/feuerwehr-suchsdorf.de\/wp-content\/uploads\/2023\/07\/434A6781-2048x1366.jpeg 2048w, https:\/\/feuerwehr-suchsdorf.de\/wp-content\/uploads\/2023\/07\/434A6781-1147x765.jpeg 1147w\" sizes=\"auto, (max-width: 1024px) 100vw, 1024px\" \/><\/figure>\n<\/div>\n\n\n\n<div class=\"wp-block-column is-layout-flow wp-block-column-is-layout-flow\" style=\"flex-basis:33.33%\">\n<ul class=\"wp-block-list\">\n<li><strong>Hersteller:<\/strong>&nbsp;MAN<\/li>\n\n\n\n<li><strong>Typ:<\/strong>\u00a0TGM 13.290<\/li>\n\n\n\n<li><strong>Baujahr:<\/strong>&nbsp;2012<\/li>\n\n\n\n<li><strong>Leistung:<\/strong>&nbsp;290 PS<\/li>\n\n\n\n<li><strong>Antrieb:<\/strong>&nbsp;Allradantrieb, Zwillingsbereifung<\/li>\n\n\n\n<li><strong>Gewicht:<\/strong>&nbsp;15 t <\/li>\n\n\n\n<li><strong>Aufbau:<\/strong>&nbsp;Schlingmann<\/li>\n\n\n\n<li><strong>Besatzung:<\/strong>&nbsp;6 Feuerwehrleute<\/li>\n\n\n\n<li><strong>L\u00f6schwassertank:<\/strong>&nbsp;4100 Liter<\/li>\n\n\n\n<li><strong>Einsatz:<\/strong> Fahrzeug f\u00fcr den Brandschutz<\/li>\n<\/ul>\n<\/div>\n<\/div>\n<\/div><\/div>\n\n\n\n<div class=\"wp-block-pb-accordion-item c-accordion__item js-accordion-item no-js\" data-initially-open=\"false\" data-click-to-close=\"true\" data-auto-close=\"true\" data-scroll=\"false\" data-scroll-offset=\"0\"><h2 id=\"at-2073\" class=\"c-accordion__title js-accordion-controller\" role=\"button\">Ger\u00e4tewagen Dekontamination Personal<\/h2><div id=\"ac-2073\" class=\"c-accordion__content\">\n<div class=\"wp-block-columns is-layout-flex wp-container-core-columns-is-layout-28f84493 wp-block-columns-is-layout-flex\">\n<div class=\"wp-block-column is-layout-flow wp-block-column-is-layout-flow\" style=\"flex-basis:66.66%\">\n<figure class=\"wp-block-image size-large\"><img loading=\"lazy\" decoding=\"async\" width=\"1024\" height=\"683\" src=\"https:\/\/feuerwehr-suchsdorf.de\/wp-content\/uploads\/2023\/07\/434A6821-1024x683.jpeg\" alt=\"\" class=\"wp-image-666\" srcset=\"https:\/\/feuerwehr-suchsdorf.de\/wp-content\/uploads\/2023\/07\/434A6821-1024x683.jpeg 1024w, https:\/\/feuerwehr-suchsdorf.de\/wp-content\/uploads\/2023\/07\/434A6821-300x200.jpeg 300w, https:\/\/feuerwehr-suchsdorf.de\/wp-content\/uploads\/2023\/07\/434A6821-768x512.jpeg 768w, https:\/\/feuerwehr-suchsdorf.de\/wp-content\/uploads\/2023\/07\/434A6821-1536x1025.jpeg 1536w, https:\/\/feuerwehr-suchsdorf.de\/wp-content\/uploads\/2023\/07\/434A6821-2048x1366.jpeg 2048w, https:\/\/feuerwehr-suchsdorf.de\/wp-content\/uploads\/2023\/07\/434A6821-1147x765.jpeg 1147w\" sizes=\"auto, (max-width: 1024px) 100vw, 1024px\" \/><\/figure>\n<\/div>\n\n\n\n<div class=\"wp-block-column is-layout-flow wp-block-column-is-layout-flow\" style=\"flex-basis:33.33%\">\n<ul class=\"wp-block-list\">\n<li><strong>Hersteller:<\/strong>&nbsp;MAN<\/li>\n\n\n\n<li><strong>Typ:<\/strong>&nbsp;TGM 18. 340 4X4 BB<\/li>\n\n\n\n<li><strong>Baujahr:<\/strong>&nbsp;2014<\/li>\n\n\n\n<li><strong>Leistung:<\/strong>&nbsp;340 PS<\/li>\n\n\n\n<li><strong>Antrieb:<\/strong>&nbsp;Allradantrieb, Einzelbereifung<\/li>\n\n\n\n<li><strong>Gewicht:<\/strong>&nbsp;16 t<\/li>\n\n\n\n<li><strong>Aufbau:<\/strong>&nbsp;Freytag<\/li>\n\n\n\n<li><strong>Besatzung:<\/strong>&nbsp;6 Feuerwehrleute<\/li>\n\n\n\n<li><strong>L\u00f6schwassertank:<\/strong>&nbsp;Optional 2000 Liter Trinkwasser<\/li>\n\n\n\n<li><strong>Einsatz:<\/strong> Dekonatmination von Personal, Katastrophenschutz<\/li>\n<\/ul>\n<\/div>\n<\/div>\n<\/div><\/div>\n\n\n\n<div class=\"wp-block-pb-accordion-item c-accordion__item js-accordion-item no-js\" data-initially-open=\"false\" data-click-to-close=\"true\" data-auto-close=\"true\" data-scroll=\"false\" data-scroll-offset=\"0\"><h2 id=\"at-2074\" class=\"c-accordion__title js-accordion-controller\" role=\"button\">Mehrzweckfahrzeug<\/h2><div id=\"ac-2074\" class=\"c-accordion__content\">\n<div class=\"wp-block-columns is-layout-flex wp-container-core-columns-is-layout-28f84493 wp-block-columns-is-layout-flex\">\n<div class=\"wp-block-column is-layout-flow wp-block-column-is-layout-flow\" style=\"flex-basis:66.66%\">\n<figure class=\"wp-block-image size-large\"><img loading=\"lazy\" decoding=\"async\" width=\"1024\" height=\"815\" src=\"https:\/\/feuerwehr-suchsdorf.de\/wp-content\/uploads\/2023\/07\/434A6812-1024x815.jpeg\" alt=\"\" class=\"wp-image-665\" srcset=\"https:\/\/feuerwehr-suchsdorf.de\/wp-content\/uploads\/2023\/07\/434A6812-1024x815.jpeg 1024w, https:\/\/feuerwehr-suchsdorf.de\/wp-content\/uploads\/2023\/07\/434A6812-300x239.jpeg 300w, https:\/\/feuerwehr-suchsdorf.de\/wp-content\/uploads\/2023\/07\/434A6812-768x612.jpeg 768w, https:\/\/feuerwehr-suchsdorf.de\/wp-content\/uploads\/2023\/07\/434A6812-1536x1223.jpeg 1536w, https:\/\/feuerwehr-suchsdorf.de\/wp-content\/uploads\/2023\/07\/434A6812-2048x1631.jpeg 2048w, https:\/\/feuerwehr-suchsdorf.de\/wp-content\/uploads\/2023\/07\/434A6812-961x765.jpeg 961w\" sizes=\"auto, (max-width: 1024px) 100vw, 1024px\" \/><\/figure>\n<\/div>\n\n\n\n<div class=\"wp-block-column is-layout-flow wp-block-column-is-layout-flow\" style=\"flex-basis:33.33%\">\n<ul class=\"wp-block-list\">\n<li><strong>Hersteller:<\/strong>&nbsp;Volkswagen<\/li>\n\n\n\n<li><strong>Typ:<\/strong>&nbsp;Transporter T5<\/li>\n\n\n\n<li><strong>Baujahr:<\/strong>&nbsp;2008<\/li>\n\n\n\n<li><strong>Leistung:<\/strong>&nbsp;130 PS<\/li>\n\n\n\n<li><strong>Antrieb:<\/strong>&nbsp;Frontantrieb<\/li>\n\n\n\n<li><strong>Gewicht:<\/strong>&nbsp;3,2 t<\/li>\n\n\n\n<li><strong>Besatzung:<\/strong>&nbsp;8 Feuerwehrleute<\/li>\n\n\n\n<li><strong>Einsatz:<\/strong>&nbsp;Fahrzeug f\u00fcr den Mannschaftstransport in allen Einsatzlagen<\/li>\n<\/ul>\n<\/div>\n<\/div>\n<\/div><\/div>\n\n\n\n<div class=\"wp-block-pb-accordion-item c-accordion__item js-accordion-item no-js\" data-initially-open=\"false\" data-click-to-close=\"true\" data-auto-close=\"true\" data-scroll=\"false\" data-scroll-offset=\"0\"><h2 id=\"at-2075\" class=\"c-accordion__title js-accordion-controller\" role=\"button\">Feuerwehranh\u00e4nger<\/h2><div id=\"ac-2075\" class=\"c-accordion__content\">\n<div class=\"wp-block-columns is-layout-flex wp-container-core-columns-is-layout-28f84493 wp-block-columns-is-layout-flex\">\n<div class=\"wp-block-column is-layout-flow wp-block-column-is-layout-flow\" style=\"flex-basis:66.66%\">\n<figure class=\"wp-block-image size-full\"><img loading=\"lazy\" decoding=\"async\" width=\"720\" height=\"483\" src=\"https:\/\/feuerwehr-suchsdorf.de\/wp-content\/uploads\/2023\/02\/anhaenger.jpg\" alt=\"\" class=\"wp-image-436\" srcset=\"https:\/\/feuerwehr-suchsdorf.de\/wp-content\/uploads\/2023\/02\/anhaenger.jpg 720w, https:\/\/feuerwehr-suchsdorf.de\/wp-content\/uploads\/2023\/02\/anhaenger-300x201.jpg 300w\" sizes=\"auto, (max-width: 720px) 100vw, 720px\" \/><\/figure>\n<\/div>\n\n\n\n<div class=\"wp-block-column is-layout-flow wp-block-column-is-layout-flow\" style=\"flex-basis:33.33%\">\n<ul class=\"wp-block-list\">\n<li><strong>Hersteller:<\/strong>&nbsp;Koch<\/li>\n\n\n\n<li><strong>Typ:<\/strong>&nbsp;U4<\/li>\n\n\n\n<li><strong>Baujahr:<\/strong>&nbsp;2012<\/li>\n\n\n\n<li><strong>Antrieb:<\/strong>&nbsp;Einachsig<\/li>\n\n\n\n<li><strong>Gewicht:<\/strong>&nbsp;750 kg<\/li>\n\n\n\n<li><strong>Aufbau:<\/strong>&nbsp;Trailerzentrum<\/li>\n\n\n\n<li><strong>Einsatz:<\/strong>&nbsp;Transport von Gegenst\u00e4nden<\/li>\n<\/ul>\n<\/div>\n<\/div>\n<\/div><\/div>\n\n\n\n<hr class=\"wp-block-separator has-alpha-channel-opacity is-style-wide\"\/>\n\n\n\n<h2 class=\"wp-block-heading\">Ehemalige Fahrzeuge<\/h2>\n\n\n\n<div class=\"wp-block-pb-accordion-item c-accordion__item js-accordion-item no-js\" data-initially-open=\"false\" data-click-to-close=\"true\" data-auto-close=\"true\" data-scroll=\"false\" data-scroll-offset=\"0\"><h2 id=\"at-2076\" class=\"c-accordion__title js-accordion-controller\" role=\"button\">L\u00f6schgruppenfahrzeug 8\/6<\/h2><div id=\"ac-2076\" class=\"c-accordion__content\">\n<div class=\"wp-block-columns is-layout-flex wp-container-core-columns-is-layout-28f84493 wp-block-columns-is-layout-flex\">\n<div class=\"wp-block-column is-layout-flow wp-block-column-is-layout-flow\" style=\"flex-basis:66.66%\">\n<figure class=\"wp-block-image size-large\"><img loading=\"lazy\" decoding=\"async\" width=\"1024\" height=\"683\" src=\"https:\/\/feuerwehr-suchsdorf.de\/wp-content\/uploads\/2023\/07\/434A6775-1024x683.jpeg\" alt=\"\" class=\"wp-image-662\" srcset=\"https:\/\/feuerwehr-suchsdorf.de\/wp-content\/uploads\/2023\/07\/434A6775-1024x683.jpeg 1024w, https:\/\/feuerwehr-suchsdorf.de\/wp-content\/uploads\/2023\/07\/434A6775-300x200.jpeg 300w, https:\/\/feuerwehr-suchsdorf.de\/wp-content\/uploads\/2023\/07\/434A6775-768x512.jpeg 768w, https:\/\/feuerwehr-suchsdorf.de\/wp-content\/uploads\/2023\/07\/434A6775-1536x1025.jpeg 1536w, https:\/\/feuerwehr-suchsdorf.de\/wp-content\/uploads\/2023\/07\/434A6775-2048x1366.jpeg 2048w, https:\/\/feuerwehr-suchsdorf.de\/wp-content\/uploads\/2023\/07\/434A6775-1147x765.jpeg 1147w\" sizes=\"auto, (max-width: 1024px) 100vw, 1024px\" \/><\/figure>\n<\/div>\n\n\n\n<div class=\"wp-block-column is-layout-flow wp-block-column-is-layout-flow\" style=\"flex-basis:33.33%\">\n<ul class=\"wp-block-list\">\n<li><strong>Hersteller:<\/strong>&nbsp;Mercedes-Benz<\/li>\n\n\n\n<li><strong>Typ:<\/strong>&nbsp;MB 917<\/li>\n\n\n\n<li><strong>Baujahr:<\/strong>&nbsp;1999<\/li>\n\n\n\n<li><strong>Leistung:<\/strong>&nbsp;170 PS<\/li>\n\n\n\n<li><strong>Antrieb:<\/strong>&nbsp;Allradantrieb, Einzelbereifung<\/li>\n\n\n\n<li><strong>Gewicht:<\/strong>&nbsp;9,5 t<\/li>\n\n\n\n<li><strong>Aufbau:<\/strong>&nbsp;Schlingmann<\/li>\n\n\n\n<li><strong>Besatzung:<\/strong>&nbsp;9 Feuerwehrleute<\/li>\n\n\n\n<li><strong>L\u00f6schwassertank:<\/strong>&nbsp;800 Liter<\/li>\n\n\n\n<li><strong>Einsatz:<\/strong>&nbsp;Fahrzeug f\u00fcr den Brandschutz sowie f\u00fcr die einfache technische Hilfeleistung<\/li>\n<\/ul>\n<\/div>\n<\/div>\n<\/div><\/div>\n\n\n\n<div class=\"wp-block-pb-accordion-item c-accordion__item js-accordion-item no-js\" data-initially-open=\"false\" data-click-to-close=\"true\" data-auto-close=\"true\" data-scroll=\"false\" data-scroll-offset=\"0\"><h2 id=\"at-2077\" class=\"c-accordion__title js-accordion-controller\" role=\"button\">L\u00f6schgruppenfahrzeug 16\/12<\/h2><div id=\"ac-2077\" class=\"c-accordion__content\">\n<div class=\"wp-block-columns is-layout-flex wp-container-core-columns-is-layout-28f84493 wp-block-columns-is-layout-flex\">\n<div class=\"wp-block-column is-layout-flow wp-block-column-is-layout-flow\" style=\"flex-basis:66.66%\">\n<figure class=\"wp-block-image size-large\"><img loading=\"lazy\" decoding=\"async\" width=\"1024\" height=\"684\" src=\"https:\/\/feuerwehr-suchsdorf.de\/wp-content\/uploads\/2022\/11\/dd10bf_6159b1cf0a024d4faa1a1c7df674393amv2-1024x684.webp\" alt=\"\" class=\"wp-image-211\" srcset=\"https:\/\/feuerwehr-suchsdorf.de\/wp-content\/uploads\/2022\/11\/dd10bf_6159b1cf0a024d4faa1a1c7df674393amv2-1024x684.webp 1024w, https:\/\/feuerwehr-suchsdorf.de\/wp-content\/uploads\/2022\/11\/dd10bf_6159b1cf0a024d4faa1a1c7df674393amv2-300x200.webp 300w, https:\/\/feuerwehr-suchsdorf.de\/wp-content\/uploads\/2022\/11\/dd10bf_6159b1cf0a024d4faa1a1c7df674393amv2-768x513.webp 768w, https:\/\/feuerwehr-suchsdorf.de\/wp-content\/uploads\/2022\/11\/dd10bf_6159b1cf0a024d4faa1a1c7df674393amv2.webp 1089w\" sizes=\"auto, (max-width: 1024px) 100vw, 1024px\" \/><\/figure>\n<\/div>\n\n\n\n<div class=\"wp-block-column is-layout-flow wp-block-column-is-layout-flow\" style=\"flex-basis:33.33%\">\n<ul class=\"wp-block-list\">\n<li><strong>Hersteller:<\/strong>&nbsp;Mercedes-Benz<\/li>\n\n\n\n<li><strong>Typ:<\/strong>&nbsp;Atego 1325<\/li>\n\n\n\n<li><strong>Baujahr:<\/strong>&nbsp;2003<\/li>\n\n\n\n<li><strong>Leistung:<\/strong>&nbsp;245 PS<\/li>\n\n\n\n<li><strong>Antrieb:<\/strong>&nbsp;Allradantrieb, Zwillingsbereifung<\/li>\n\n\n\n<li><strong>Gewicht:<\/strong>&nbsp;14 t<\/li>\n\n\n\n<li><strong>Aufbau:<\/strong>&nbsp;Schlingmann<\/li>\n\n\n\n<li><strong>Besatzung:<\/strong>&nbsp;9 Feuerwehrleute<\/li>\n\n\n\n<li><strong>L\u00f6schwassertank:<\/strong>&nbsp;2000 Liter<\/li>\n\n\n\n<li><strong>Einsatz:<\/strong> Fahrzeug f\u00fcr den Brandschutz<\/li>\n<\/ul>\n<\/div>\n<\/div>\n<\/div><\/div>\n\n\n\n<hr class=\"wp-block-separator has-alpha-channel-opacity is-style-wide\"\/>\n\n\n\n<h1 class=\"wp-block-heading\">Alarmierung<\/h1>\n\n\n\n<p>Jedes Mitglied der Freiwilligen Feuerwehr Kiel-Suchsdorf tr\u00e4gt einen Funkmeldeempf\u00e4nger, den die <a href=\"https:\/\/www.kiel.de\/de\/gesundheit_soziales\/feuerwehr\/leitstelle\/index.php\" target=\"_blank\" rel=\"noreferrer noopener\">IRLS Mitte<\/a> (Integrierte Regionalleitstelle Mitte) bei Alarm ausl\u00f6st. Auf dem Display erscheint ein kurzer Text, der den Einsatzkr\u00e4ften stichpunktartig mitteilt, wo sich der Einsatzort befindet und welche Art von Einsatz sie erwartet. Seit 2018 bekommen wir zus\u00e4tzlich die Alamierung auf das Handy, so kann jeder Kamerad gleich eine R\u00fcckmeldung geben, ob er kommt oder nicht.<\/p>\n\n\n\n<p>In der Zeit zwischen 06:00 und 18:00 Uhr alarmiert die IRLS parallel zu den Funkmeldeempf\u00e4ngern auch die drei Sirenen im Stadtteil. Sie stehen an den Standorten Rungholzplatz, Ger\u00e4tehaus und Amrumring.<\/p>\n\n\n\n<p><strong>Gruppen-Alarm:<\/strong> kleiner Einsatz \u2013 es wird nur eine kleine Anzahl von Kameraden alarmiert<\/p>\n\n\n\n<p><strong>Vollalarm:<\/strong> gr\u00f6\u00dferer Einsatz \u2013 es werden alle Kameraden der Wehr alarmiert<\/p>\n\n\n\n<p><strong>LZG Alarm:<\/strong> speziell ausgebildete Kameraden werden zum L\u00f6schzug Gefahrgut alarmiert. <\/p>\n","protected":false},"excerpt":{"rendered":"<p>Fuhrpark F\u00fcr Details auf den Fahrzeugnamen klicken \ud83d\ude92 Ehemalige Fahrzeuge Alarmierung Jedes Mitglied der Freiwilligen Feuerwehr Kiel-Suchsdorf tr\u00e4gt einen Funkmeldeempf\u00e4nger, [&hellip;]<\/p>\n","protected":false},"author":2,"featured_media":0,"parent":0,"menu_order":0,"comment_status":"closed","ping_status":"closed","template":"page-no-title","meta":{"footnotes":""},"class_list":["post-207","page","type-page","status-publish","hentry"],"_links":{"self":[{"href":"https:\/\/feuerwehr-suchsdorf.de\/index.php?rest_route=\/wp\/v2\/pages\/207","targetHints":{"allow":["GET"]}}],"collection":[{"href":"https:\/\/feuerwehr-suchsdorf.de\/index.php?rest_route=\/wp\/v2\/pages"}],"about":[{"href":"https:\/\/feuerwehr-suchsdorf.de\/index.php?rest_route=\/wp\/v2\/types\/page"}],"author":[{"embeddable":true,"href":"https:\/\/feuerwehr-suchsdorf.de\/index.php?rest_route=\/wp\/v2\/users\/2"}],"replies":[{"embeddable":true,"href":"https:\/\/feuerwehr-suchsdorf.de\/index.php?rest_route=%2Fwp%2Fv2%2Fcomments&post=207"}],"version-history":[{"count":18,"href":"https:\/\/feuerwehr-suchsdorf.de\/index.php?rest_route=\/wp\/v2\/pages\/207\/revisions"}],"predecessor-version":[{"id":1277,"href":"https:\/\/feuerwehr-suchsdorf.de\/index.php?rest_route=\/wp\/v2\/pages\/207\/revisions\/1277"}],"wp:attachment":[{"href":"https:\/\/feuerwehr-suchsdorf.de\/index.php?rest_route=%2Fwp%2Fv2%2Fmedia&parent=207"}],"curies":[{"name":"wp","href":"https:\/\/api.w.org\/{rel}","templated":true}]}}