{"id":198,"date":"2022-11-30T14:06:01","date_gmt":"2022-11-30T14:06:01","guid":{"rendered":"https:\/\/feuerwehr-suchsdorf.de\/?page_id=198"},"modified":"2023-03-17T09:33:12","modified_gmt":"2023-03-17T09:33:12","slug":"foerderverein","status":"publish","type":"page","link":"https:\/\/feuerwehr-suchsdorf.de\/?page_id=198","title":{"rendered":"F\u00f6rderverein"},"content":{"rendered":"\n<div class=\"wp-block-cover alignfull is-light\"><span aria-hidden=\"true\" class=\"wp-block-cover__background has-background-dim-30 has-background-dim\"><\/span><img loading=\"lazy\" decoding=\"async\" width=\"2560\" height=\"1707\" class=\"wp-block-cover__image-background wp-image-201\" alt=\"\" src=\"https:\/\/feuerwehr-suchsdorf.de\/wp-content\/uploads\/2022\/11\/1D4L1066-scaled.jpg\" data-object-fit=\"cover\" srcset=\"https:\/\/feuerwehr-suchsdorf.de\/wp-content\/uploads\/2022\/11\/1D4L1066-scaled.jpg 2560w, https:\/\/feuerwehr-suchsdorf.de\/wp-content\/uploads\/2022\/11\/1D4L1066-300x200.jpg 300w, https:\/\/feuerwehr-suchsdorf.de\/wp-content\/uploads\/2022\/11\/1D4L1066-1024x683.jpg 1024w, https:\/\/feuerwehr-suchsdorf.de\/wp-content\/uploads\/2022\/11\/1D4L1066-768x512.jpg 768w, https:\/\/feuerwehr-suchsdorf.de\/wp-content\/uploads\/2022\/11\/1D4L1066-1536x1024.jpg 1536w, https:\/\/feuerwehr-suchsdorf.de\/wp-content\/uploads\/2022\/11\/1D4L1066-2048x1365.jpg 2048w, https:\/\/feuerwehr-suchsdorf.de\/wp-content\/uploads\/2022\/11\/1D4L1066-1148x765.jpg 1148w\" sizes=\"auto, (max-width: 2560px) 100vw, 2560px\" \/><div class=\"wp-block-cover__inner-container is-layout-flow wp-block-cover-is-layout-flow\">\n<div class=\"wp-block-group is-layout-constrained wp-container-core-group-is-layout-e3dbad20 wp-block-group-is-layout-constrained\" style=\"padding-top:3.5vw;padding-right:3.5vw;padding-bottom:3.5vw;padding-left:3.5vw\">\n<div class=\"wp-block-columns is-layout-flex wp-container-core-columns-is-layout-d2ca7aa4 wp-block-columns-is-layout-flex\">\n<div class=\"wp-block-column is-layout-flow wp-block-column-is-layout-flow\" style=\"flex-basis:40%\">\n<div style=\"height:150px\" aria-hidden=\"true\" class=\"wp-block-spacer\"><\/div>\n\n\n\n<div class=\"wp-block-group has-dark-background-color has-white-background-color has-text-color has-background is-layout-flow wp-block-group-is-layout-flow\" style=\"padding-top:3rem;padding-right:3rem;padding-bottom:3rem;padding-left:3rem\">\n<h2 class=\"is-style-underlined-heading wp-block-heading\">F\u00f6rderverein<\/h2>\n\n\n\n<p>Der F\u00f6rderverein unterst\u00fctzt die FF Kiel-Suchsdorf finanziell dort, wo der Tr\u00e4ger des Brandschutzes, die Landeshauptstadt Kiel, keinen Beitrag leistet.<\/p>\n<\/div>\n<\/div>\n\n\n\n<div class=\"wp-block-column is-layout-flow wp-block-column-is-layout-flow\" style=\"flex-basis:60%\"><\/div>\n<\/div>\n<\/div>\n<\/div><\/div>\n\n\n\n<p>Gerade bei der Nachwuchsf\u00f6rderung, sozialen Aktivit\u00e4ten wie der Kameradschaftspflege oder dem Erfahrungsaustausch mit anderen Feuerwehren im In- und Ausland und der Brandschutzerziehung und \u2013aufkl\u00e4rung in Kinderg\u00e4rten und Schulen im Einsatzgebiet der FF Kiel-Suchsdorf ist die Feuerwehr auf finanzielle Unterst\u00fctzung angewiesen.&nbsp;Die Gr\u00fcndung erfolgte, um aktuelle gesetzliche \u00c4nderungen umzusetzen. Ohne einen F\u00f6rderverein w\u00e4ren die Gelder der Feuerwehr, auch die, die ihr als Spenden zugehen, als Sonderverm\u00f6gen der zust\u00e4ndigen Gemeinde\/ kreisfreien Stadt zuzurechnen.<\/p>\n\n\n\n<p>Zu den satzungsgem\u00e4\u00dfen Aufgaben geh\u00f6ren die F\u00f6rderung<\/p>\n\n\n\n<ul class=\"wp-block-list\">\n<li>der Ausbildung der Feuerwehr<\/li>\n\n\n\n<li>der Nachwuchsf\u00f6rderung<\/li>\n\n\n\n<li>der Brandschutzerziehung und \u2013aufkl\u00e4rung<\/li>\n<\/ul>\n\n\n\n<p><strong>E-Mail:<\/strong>&nbsp;<a href=\"http:\/\/web.archive.org\/web\/20211203092725\/mailto:foerderverein@feuerwehr-suchsdorf.de\">Foerderverein@Feuerwehr-Suchsdorf.de<\/a><\/p>\n\n\n\n<hr class=\"wp-block-separator has-alpha-channel-opacity is-style-wide\"\/>\n\n\n\n<div class=\"wp-block-group alignfull has-white-color has-primary-background-color has-text-color has-background is-layout-constrained wp-container-core-group-is-layout-e5442119 wp-block-group-is-layout-constrained\" style=\"padding-top:3.5vw;padding-right:3.5vw;padding-bottom:3.5vw;padding-left:3.5vw\">\n<div class=\"wp-block-columns alignwide are-vertically-aligned-center is-layout-flex wp-container-core-columns-is-layout-28f84493 wp-block-columns-is-layout-flex\">\n<div class=\"wp-block-column is-vertically-aligned-center is-layout-flow wp-block-column-is-layout-flow\" style=\"flex-basis:66.66%\">\n<h2 class=\"wp-block-heading\">Mitglied werden<\/h2>\n\n\n\n<p>Es freut uns, wenn auch Sie unserem F\u00f6rderverein beitreten und damit die Arbeit der Freiwilligen Feuerwehr Kiel-Suchsdorf unterst\u00fctzen.<\/p>\n\n\n\n<p>Dem F\u00f6rderverein wurde die Gemeinn\u00fctzigkeit durch das Finanzamt Kiel anerkannt.<\/p>\n\n\n\n<p class=\"has-link-color wp-elements-28f38f6082673d7a41cbc00d1630bb28\">Klicken Sie bitte auf den&nbsp;Aufnahmeantrag, und senden Sie das ausgef\u00fcllte Formular per E-Mail an <a href=\"mailto:Foerderverein@Feuerwehr-Suchsdorf.de\">Foerderverein@Feuerwehr-Suchsdorf.de<\/a> oder werfen Sie es in den Briefkasten des Feuerwehrger\u00e4tehauses: Nienbr\u00fcgger Weg 43 |&nbsp;24107 Kiel ein.<\/p>\n<\/div>\n\n\n\n<div class=\"wp-block-column is-vertically-aligned-center is-layout-flow wp-block-column-is-layout-flow\" style=\"flex-basis:33.33%\">\n<div class=\"wp-block-buttons is-content-justification-center is-layout-flex wp-container-core-buttons-is-layout-a89b3969 wp-block-buttons-is-layout-flex\">\n<div class=\"wp-block-button is-style-fill\"><a class=\"wp-block-button__link has-primary-color has-white-background-color has-text-color has-background wp-element-button\" href=\"https:\/\/feuerwehr-suchsdorf.de\/wp-content\/uploads\/2022\/12\/Aufnahmeantrag-foerdernde-Mitglieder-mit-SEPA.pdf\" target=\"_blank\" rel=\"noreferrer noopener\">Aufnahmeantrag herunterladen<\/a><\/div>\n<\/div>\n<\/div>\n<\/div>\n<\/div>\n\n\n\n<h1 class=\"wp-block-heading\">Spenden<\/h1>\n\n\n\n<p>Auch wenn Sie kein Mitglied sind, k\u00f6nnen Sie den F\u00f6rderverein unterst\u00fctzen. Wir freuen uns \u00fcber Ihre Spende.<\/p>\n\n\n\n<pre class=\"wp-block-preformatted has-background has-roboto-font-family\" style=\"background-color:#d0e7ef\"><strong>Bankverbindung:<\/strong>\n\nF\u00f6rderverein der Freiwilligen Feuerwehr Kiel-Suchsdorf e.V.\nF\u00f6rde Sparkasse\nIBAN: DE29 2105 0170 1002 4371 17<\/pre>\n\n\n\n<hr class=\"wp-block-separator has-alpha-channel-opacity\"\/>\n\n\n\n<p>Dem F\u00f6rderverein wurde die Gemeinn\u00fctzigkeit durch das Finanzamt Kiel anerkannt.<\/p>\n\n\n\n<p>Vereinsregister | Steuernummer<br>VR 6360 KI Amtsgericht Kiel | 20\/291\/75211<\/p>\n\n\n\n<hr class=\"wp-block-separator has-alpha-channel-opacity\"\/>\n\n\n\n<p>Postanschrift und Standort des Schaukastens gem\u00e4\u00df \u00a7 8 der Satzung (Ver\u00f6ffentlichung von<br>Einladungen zu Mitgliederversammlungen):<br>F\u00f6rderverein der Freiwilligen Feuerwehr Kiel-Suchsdorf e.V.<br>Nienbr\u00fcgger Weg 43 | 24107 Kiel<\/p>\n","protected":false},"excerpt":{"rendered":"<p>Gerade bei der Nachwuchsf\u00f6rderung, sozialen Aktivit\u00e4ten wie der Kameradschaftspflege oder dem Erfahrungsaustausch mit anderen Feuerwehren im In- und Ausland und [&hellip;]<\/p>\n","protected":false},"author":2,"featured_media":0,"parent":0,"menu_order":0,"comment_status":"closed","ping_status":"closed","template":"page-no-title","meta":{"footnotes":""},"class_list":["post-198","page","type-page","status-publish","hentry"],"_links":{"self":[{"href":"https:\/\/feuerwehr-suchsdorf.de\/index.php?rest_route=\/wp\/v2\/pages\/198","targetHints":{"allow":["GET"]}}],"collection":[{"href":"https:\/\/feuerwehr-suchsdorf.de\/index.php?rest_route=\/wp\/v2\/pages"}],"about":[{"href":"https:\/\/feuerwehr-suchsdorf.de\/index.php?rest_route=\/wp\/v2\/types\/page"}],"author":[{"embeddable":true,"href":"https:\/\/feuerwehr-suchsdorf.de\/index.php?rest_route=\/wp\/v2\/users\/2"}],"replies":[{"embeddable":true,"href":"https:\/\/feuerwehr-suchsdorf.de\/index.php?rest_route=%2Fwp%2Fv2%2Fcomments&post=198"}],"version-history":[{"count":10,"href":"https:\/\/feuerwehr-suchsdorf.de\/index.php?rest_route=\/wp\/v2\/pages\/198\/revisions"}],"predecessor-version":[{"id":489,"href":"https:\/\/feuerwehr-suchsdorf.de\/index.php?rest_route=\/wp\/v2\/pages\/198\/revisions\/489"}],"wp:attachment":[{"href":"https:\/\/feuerwehr-suchsdorf.de\/index.php?rest_route=%2Fwp%2Fv2%2Fmedia&parent=198"}],"curies":[{"name":"wp","href":"https:\/\/api.w.org\/{rel}","templated":true}]}}