{"id":169,"date":"2022-11-30T12:51:21","date_gmt":"2022-11-30T12:51:21","guid":{"rendered":"https:\/\/feuerwehr-suchsdorf.de\/?page_id=169"},"modified":"2022-11-30T13:14:20","modified_gmt":"2022-11-30T13:14:20","slug":"impressum","status":"publish","type":"page","link":"https:\/\/feuerwehr-suchsdorf.de\/?page_id=169","title":{"rendered":"Impressum"},"content":{"rendered":"\n<p><strong>Inhaber des Internetauftritts:<\/strong><br>Freiwillige Feuerwehr Kiel-Suchsdorf<br>Nienbr\u00fcgger Weg 43<br>24107 Kiel<\/p>\n\n\n\n<p>Tel: (04 31) 31 41 52 <em>(nicht st\u00e4ndig besetzt!)<\/em><\/p>\n\n\n\n<p class=\"has-text-align-center has-white-color has-primary-background-color has-text-color has-background has-large-font-size\" style=\"font-style:normal;font-weight:700\"><em>\u2013 \u2013 \u2013 &nbsp;<strong>im Notfall \u2013 NOTRUF 112&nbsp;<\/strong> \u2013 \u2013 \u2013<\/em><\/p>\n\n\n\n<p><strong>Kontakt:<\/strong><br><a href=\"mailto:webmaster@feuerwehr-suchsdorf.de\">webmaster@feuerwehr-suchsdorf.de<\/a><\/p>\n\n\n\n<hr class=\"wp-block-separator has-alpha-channel-opacity is-style-wide\"\/>\n\n\n\n<p class=\"has-tiny-font-size\"><strong>Haftungsausschluss<\/strong><\/p>\n\n\n\n<p class=\"has-tiny-font-size\"><strong>1) Inhalte<\/strong><\/p>\n\n\n\n<p class=\"has-tiny-font-size\">Der Autor \u00fcbernimmt keinerlei Gew\u00e4hr f\u00fcr die Aktualit\u00e4t, Korrektheit, Vollst\u00e4ndigkeit oder Qualit\u00e4t der bereitgestellten Informationen. Haftungsanspr\u00fcche gegen den Autor, welche sich auf Sch\u00e4den materieller oder ideeller Art beziehen, die durch&nbsp; die Nutzung oder Nichtnutzung der dargebotenen Informationen bzw. durch die Nutzung fehlerhafter und unvollst\u00e4ndiger Informationen verursacht wurden, sind grunds\u00e4tzlich ausgeschlossen. Alle Angebote sind freibleibend und unverbindlich. Der Autor beh\u00e4lt es sich ausdr\u00fccklich vor, Teile der Seiten oder das gesamte Angebot ohne gesonderte Ank\u00fcndigung zu \u00e4ndern, zu erg\u00e4nzen, zu l\u00f6schen oder die Ver\u00f6ffentlichung zeitweise oder endg\u00fcltig einzustellen.<\/p>\n\n\n\n<p class=\"has-tiny-font-size\"><strong>2) Urheber- und Kennzeichenrecht<\/strong><\/p>\n\n\n\n<p class=\"has-tiny-font-size\">Das Copyright f\u00fcr ver\u00f6ffentlichte, vom Autor selbst erstellte Objekte bleiben allein beim Autor der Seiten. Eine Vervielf\u00e4ltigung oder Verwendung solcher Grafiken, Tondokumenten, Videosequenzen und Texte in deren elektronischen oder gedruckten Publikationen ist ohne ausdr\u00fcckliche Zustimmung, in schriftlicher Form, des Autors nicht gestattet<\/p>\n\n\n\n<p class=\"has-tiny-font-size\"><strong>3) Datenschutz<\/strong><\/p>\n\n\n\n<p class=\"has-tiny-font-size\">Die Nutzung der ver\u00f6ffentlichen Angaben wie Postanschrift, Telefon- und Faxnummern sowie Emailadressen durch Dritte zur \u00dcbersendung von nicht ausdr\u00fccklich angeforderten Informationen ist nicht gestattet.&nbsp; Rechtliche Schritte gegen&nbsp; die Versender von sogenannten Spammails bei Verst\u00f6\u00dfen gegen dieses Verbot sind ausdr\u00fccklich vorbehalten.<\/p>\n\n\n\n<p class=\"has-tiny-font-size\"><strong>4) Verweise und Links<\/strong><\/p>\n\n\n\n<p class=\"has-tiny-font-size\">Bei direkten oder indirekten Verweisen auf fremde Webseiten (\u201cHyperlinks\u201d), die au\u00dferhalb des Verantwortungsbereiches des Autors liegen, w\u00fcrden eine Haftungsverpflichtung ausschlie\u00dflich in dem Fall in Kraft treten, in dem der Autor von den Inhalten Kenntnis hat und es ihm technisch m\u00f6glich und zumutbar w\u00e4re, die Nutzung im Falle rechtswidriger Inhalte zu verhindern. Der Autor erkl\u00e4rt hiermit ausdr\u00fccklich, das zum Zeitpunkt der Linksetzung keine illegalen Inhalte auf den zu verlinkenden Seiten erkennbar waren. Auf die aktuelle und zuk\u00fcnftige Gestaltung, die Inhalte oder die Urheberschaft der gelinkten\/verkn\u00fcpften Seiten hat der Autor keinerlei&nbsp; Einfluss. Deshalb distanziert er sich hiermit ausdr\u00fccklich von allen Inhalten aller gelinkte\/ verkn\u00fcpften Seiten, die nach der Linksetzung ver\u00e4ndert wurden. Diese Feststellung gilt f\u00fcr alle innerhalb des eigenen Internetangebotes gesetzten Links und Verweise sowie f\u00fcr Fremdeintr\u00e4ge in vom Autor eingerichteten G\u00e4steb\u00fcchern. F\u00fcr illegale, fehlerhafte oder unvollst\u00e4ndige Inhalte und insbesondere f\u00fcr Sch\u00e4den, die aus der Nutzung oder Nichtnutzung solcherart dargebotener Informationen entstehen, haftet allein der Anbieter der Seite, auf welche verwiesen wurde, nicht derjenige, der \u00fcber Links auf die jeweilige Ver\u00f6ffentlichung lediglich verweist.<\/p>\n\n\n\n<p class=\"has-tiny-font-size\"><strong>5) Rechtswirksamkeit dieses Haftungsausschlusses<\/strong><\/p>\n\n\n\n<p class=\"has-tiny-font-size\">Dieser Haftungsausschluss ist als Teil des Internetangebotes zu betrachten, von dem aus auf diese Seite verwiesen wurde. Sofern Teile oder einzelne Formulierungen diese Textes der geltenden Rechtslage nicht, nicht mehr oder nicht vollst\u00e4ndig entsprechen sollten, bleiben die \u00fcbrigen Teile des Dokumentes in ihrem Inhalt und ihrer G\u00fcltigkeit davon unber\u00fchrt.<\/p>\n\n\n\n<p class=\"has-tiny-font-size\"><strong>6) Produkte und Marken<\/strong><\/p>\n\n\n\n<p class=\"has-tiny-font-size\">Die Nennung von Produkten und Marken anderer Hersteller oder Anbieter dient ausschlie\u00dflich zur Information, verletzt demzufolge keine Warenzeichen bzw. Marken und stellt keine Empfehlung dar. Wir k\u00f6nnen hinsichtlich der Auswahl, Leistung oder Anwendung dieser Produkte oder Dienstleistungen keinerlei Gew\u00e4hr \u00fcbernehmen.<\/p>\n","protected":false},"excerpt":{"rendered":"<p>Inhaber des Internetauftritts:Freiwillige Feuerwehr Kiel-SuchsdorfNienbr\u00fcgger Weg 4324107 Kiel Tel: (04 31) 31 41 52 (nicht st\u00e4ndig besetzt!) \u2013 \u2013 \u2013 [&hellip;]<\/p>\n","protected":false},"author":2,"featured_media":0,"parent":0,"menu_order":0,"comment_status":"closed","ping_status":"closed","template":"","meta":{"footnotes":""},"class_list":["post-169","page","type-page","status-publish","hentry"],"_links":{"self":[{"href":"https:\/\/feuerwehr-suchsdorf.de\/index.php?rest_route=\/wp\/v2\/pages\/169","targetHints":{"allow":["GET"]}}],"collection":[{"href":"https:\/\/feuerwehr-suchsdorf.de\/index.php?rest_route=\/wp\/v2\/pages"}],"about":[{"href":"https:\/\/feuerwehr-suchsdorf.de\/index.php?rest_route=\/wp\/v2\/types\/page"}],"author":[{"embeddable":true,"href":"https:\/\/feuerwehr-suchsdorf.de\/index.php?rest_route=\/wp\/v2\/users\/2"}],"replies":[{"embeddable":true,"href":"https:\/\/feuerwehr-suchsdorf.de\/index.php?rest_route=%2Fwp%2Fv2%2Fcomments&post=169"}],"version-history":[{"count":4,"href":"https:\/\/feuerwehr-suchsdorf.de\/index.php?rest_route=\/wp\/v2\/pages\/169\/revisions"}],"predecessor-version":[{"id":175,"href":"https:\/\/feuerwehr-suchsdorf.de\/index.php?rest_route=\/wp\/v2\/pages\/169\/revisions\/175"}],"wp:attachment":[{"href":"https:\/\/feuerwehr-suchsdorf.de\/index.php?rest_route=%2Fwp%2Fv2%2Fmedia&parent=169"}],"curies":[{"name":"wp","href":"https:\/\/api.w.org\/{rel}","templated":true}]}}