{"id":151,"date":"2022-11-30T12:30:11","date_gmt":"2022-11-30T12:30:11","guid":{"rendered":"https:\/\/feuerwehr-suchsdorf.de\/?page_id=151"},"modified":"2023-01-09T18:15:20","modified_gmt":"2023-01-09T18:15:20","slug":"chronik","status":"publish","type":"page","link":"https:\/\/feuerwehr-suchsdorf.de\/?page_id=151","title":{"rendered":"Chronik"},"content":{"rendered":"\n<figure class=\"wp-block-image size-full\"><img loading=\"lazy\" decoding=\"async\" width=\"1024\" height=\"698\" src=\"https:\/\/feuerwehr-suchsdorf.de\/wp-content\/uploads\/2022\/11\/Loeschuebungen_der_Freiwilligen_Feuerwehr_Elmschenhagen_Schilksee_und_Suchsdorf_Kiel_40.340.jpg\" alt=\"\" class=\"wp-image-156\" srcset=\"https:\/\/feuerwehr-suchsdorf.de\/wp-content\/uploads\/2022\/11\/Loeschuebungen_der_Freiwilligen_Feuerwehr_Elmschenhagen_Schilksee_und_Suchsdorf_Kiel_40.340.jpg 1024w, https:\/\/feuerwehr-suchsdorf.de\/wp-content\/uploads\/2022\/11\/Loeschuebungen_der_Freiwilligen_Feuerwehr_Elmschenhagen_Schilksee_und_Suchsdorf_Kiel_40.340-300x204.jpg 300w, https:\/\/feuerwehr-suchsdorf.de\/wp-content\/uploads\/2022\/11\/Loeschuebungen_der_Freiwilligen_Feuerwehr_Elmschenhagen_Schilksee_und_Suchsdorf_Kiel_40.340-768x524.jpg 768w\" sizes=\"auto, (max-width: 1024px) 100vw, 1024px\" \/><figcaption class=\"wp-element-caption\">L\u00f6sch\u00fcbungen der Freiwilligen Feuerwehr Suchsdorf, Elmschenhagen und Schilksee, 1966<\/figcaption><\/figure>\n\n\n\n<p>Im Jahre 1885 wurde in der Gemeinde Suchsdorf eine Freiwillige Feuerwehr gegr\u00fcndet. Bisher hatte es nur eine Pflichtfeuerwehr gegeben. Animiert durch einige Wehrgr\u00fcndungen in der Umgebung entschlossen sich auch die Suchsdorfer zu diesem Schritt. Das Ger\u00e4tehaus und die Handdruckspritze wurden von der Pflichtfeuerwehr \u00fcbernommen. In den folgenden Jahren erlebte die Wehr einen steten Aufschwung und so wurde 1910 ein neues Ger\u00e4tehaus im Ortskern gebaut, da auch neue Ger\u00e4tschaften in Dienst genommen worden waren, f\u00fcr die das alte Haus zu klein war. Besonders in den zwanziger Jahren war die Wehr stark gefordert, denn es gab mehrere Gro\u00dfbr\u00e4nde in der kleinen Gemeinde.<\/p>\n\n\n\n<p>1934 erhielt die Wehr das erste Fahrzeug, das auf einem Mercedes Fahrgestell aufgebaut worden war. Gleichzeitig wurde die Wehr der Polizei unterstellt.<\/p>\n\n\n\n<p>Mit Beginn des Zweiten Weltkrieges wurde die Wehr einer Feuerwehrbereitschaft zugeteilt, die nun bei Luftangriffen ins nahe Kiel oder sogar nach Hamburg zur Brandbek\u00e4mpfung ausr\u00fccken musste. Deshalb wurde 1941 ein vereinheitlichtes LF 8 auf Mercedes Fahrgestell beschafft. So erlebte die Wehr viele schwere Eins\u00e4tze, den schwersten jedoch, als das Dorf in einer Nacht des Jahres 1944 bombardiert wurde. Aufgrund eines Fehlers in der Luftschutzleitung kam erst am n\u00e4chsten Morgen Hilfe, doch da war das Dorf zu 80 % zerst\u00f6rt. Zwei Feuerwehrkameraden verloren bei diesem Einsatz ihr Leben.<\/p>\n\n\n\n<figure class=\"wp-block-image size-full\"><img loading=\"lazy\" decoding=\"async\" width=\"1024\" height=\"677\" src=\"https:\/\/feuerwehr-suchsdorf.de\/wp-content\/uploads\/2022\/11\/Renoviertes_Feuerwehrhaus_in_Suchsdorf_Kiel_46.532-1.jpg\" alt=\"\" class=\"wp-image-157\" srcset=\"https:\/\/feuerwehr-suchsdorf.de\/wp-content\/uploads\/2022\/11\/Renoviertes_Feuerwehrhaus_in_Suchsdorf_Kiel_46.532-1.jpg 1024w, https:\/\/feuerwehr-suchsdorf.de\/wp-content\/uploads\/2022\/11\/Renoviertes_Feuerwehrhaus_in_Suchsdorf_Kiel_46.532-1-300x198.jpg 300w, https:\/\/feuerwehr-suchsdorf.de\/wp-content\/uploads\/2022\/11\/Renoviertes_Feuerwehrhaus_in_Suchsdorf_Kiel_46.532-1-768x508.jpg 768w\" sizes=\"auto, (max-width: 1024px) 100vw, 1024px\" \/><figcaption class=\"wp-element-caption\">Renoviertes Feuerwehrhaus in Suchsdorf, 1970<\/figcaption><\/figure>\n\n\n\n<p>Nach Ende des 2. Weltkrieges wurde die Feuerwehr wieder Teil der kommunalen Selbstverwaltung. Ger\u00e4tehaus und Fahrzeug wurden \u201cflott\u201d gemacht und der Dienstbetrieb wieder aufgenommen. 1953 wurde auf der M\u00fchle die erste Sirene in Betrieb genommen, bisher war die Wehr mit dem Feuerhorn alarmiert worden. 1958 wurde Suchsdorf in die Stadt Kiel eingemeindet, aus der Freiwilligen Feuer-wehr wurde eine Ortsfeuerwehr im Stadtfeuerwehrverband Kiel. Seitdem r\u00fcckt bei einem Einsatz die Berufsfeuerwehr der Stadt Kiel an, die Freiwillige Feuerwehr wird nach Bedarf mitalarmiert.<\/p>\n\n\n\n<p>Die Eingemeindung nach Kiel sorgte f\u00fcr ein rasches Wachstum des Stadtteils, und eine stete Verbesserung der Ausstattung der Freiwilligen Feuerwehr. Nachdem 1964 ein neues LF 8 beschafft worden war erhielt&nbsp;die Wehr 1965 ein TLF 8 und 1967 ein LF 16 TS des Katastrophenschutzes. Aufgrund von Personal-mangel wurde 1974 eine Jugendfeuerwehr gegr\u00fcndet, aus der bis zum heutigen Tage \u00fcber die H\u00e4lfte der aktiven Mitglieder hervorgegangen ist.<\/p>\n\n\n\n<figure class=\"wp-block-image size-large\"><img loading=\"lazy\" decoding=\"async\" width=\"1024\" height=\"684\" src=\"https:\/\/feuerwehr-suchsdorf.de\/wp-content\/uploads\/2022\/11\/Medienarchiv_8-1024x684.jpg\" alt=\"\" class=\"wp-image-155\" srcset=\"https:\/\/feuerwehr-suchsdorf.de\/wp-content\/uploads\/2022\/11\/Medienarchiv_8-1024x684.jpg 1024w, https:\/\/feuerwehr-suchsdorf.de\/wp-content\/uploads\/2022\/11\/Medienarchiv_8-300x200.jpg 300w, https:\/\/feuerwehr-suchsdorf.de\/wp-content\/uploads\/2022\/11\/Medienarchiv_8-768x513.jpg 768w, https:\/\/feuerwehr-suchsdorf.de\/wp-content\/uploads\/2022\/11\/Medienarchiv_8-1146x765.jpg 1146w, https:\/\/feuerwehr-suchsdorf.de\/wp-content\/uploads\/2022\/11\/Medienarchiv_8.jpg 1200w\" sizes=\"auto, (max-width: 1024px) 100vw, 1024px\" \/><figcaption class=\"wp-element-caption\">\u00dcbergabe der neuen Feuerwehrfahrzeuge f\u00fcr die Freiwilligen Feuerwehren, 1981<\/figcaption><\/figure>\n\n\n\n<p>Die neunziger Jahre waren gekennzeichnet durch eine massive Zunahme der Einsatzzahlen. Denn seit der Einf\u00fchrung einer neuen Alarm- und Ausr\u00fcckeordnung ist die Wehr nicht mehr nur f\u00fcr Suchsdorf, sondern auch f\u00fcr mehrere weiter Stadtteile zust\u00e4ndig, die keine FF haben. Je nach Einsatzstichwort wird die Wehr von der Leitstelle sofort mitalarmiert. Im Durchschnitt r\u00fcckt die Wehr zu 40 Eins\u00e4tzen j\u00e4hrlich aus.<\/p>\n\n\n\n<p>Heute geh\u00f6ren 84 M\u00e4nner und Frauen zur Einsatzabteilung der FF Suchsdorf, 4 Gastl\u00f6scher, 6 Kameraden in der Verwaltungsabteilung, die Jugendwehr z\u00e4hlt 29 Jungen und M\u00e4dchen und die Ehrenabteilung 6 Kameraden. Zur Alarmierung stehen neben 3 Sirenen auch 50 Funkmeldeempf\u00e4nger zur Verf\u00fcgung. Alle Wehrleute sind seit 2001 mit Nomex 3 Schutzjacken ausgestattet, die Atemschutzger\u00e4tetr\u00e4ger seit 2005 auch mit Nomex 3 Hosen. Die Wehr verf\u00fcgt \u00fcber f\u00fcnf Fahrzeuge.<\/p>\n\n\n\n<figure class=\"wp-block-image size-large\"><img loading=\"lazy\" decoding=\"async\" width=\"1024\" height=\"360\" src=\"https:\/\/feuerwehr-suchsdorf.de\/wp-content\/uploads\/2022\/11\/PanoFahrzeughalle2-1024x360.jpg\" alt=\"\" class=\"wp-image-158\" srcset=\"https:\/\/feuerwehr-suchsdorf.de\/wp-content\/uploads\/2022\/11\/PanoFahrzeughalle2-1024x360.jpg 1024w, https:\/\/feuerwehr-suchsdorf.de\/wp-content\/uploads\/2022\/11\/PanoFahrzeughalle2-300x105.jpg 300w, https:\/\/feuerwehr-suchsdorf.de\/wp-content\/uploads\/2022\/11\/PanoFahrzeughalle2-768x270.jpg 768w, https:\/\/feuerwehr-suchsdorf.de\/wp-content\/uploads\/2022\/11\/PanoFahrzeughalle2-1536x540.jpg 1536w, https:\/\/feuerwehr-suchsdorf.de\/wp-content\/uploads\/2022\/11\/PanoFahrzeughalle2-2048x720.jpg 2048w, https:\/\/feuerwehr-suchsdorf.de\/wp-content\/uploads\/2022\/11\/PanoFahrzeughalle2-1530x538.jpg 1530w\" sizes=\"auto, (max-width: 1024px) 100vw, 1024px\" \/><figcaption class=\"wp-element-caption\">Fahrzeughalle der Feuerwehr Suchsdorf, 2022<\/figcaption><\/figure>\n\n\n\n<p class=\"has-tiny-font-size\">Historische Aufnahmen (69.983, 40.340, 46.532, Fotograf Friedrich Magnussen) bereitgestellt vom Kieler Stadtarchiv unter Creative-Commons-Lizenz <a href=\"https:\/\/creativecommons.org\/licenses\/by-sa\/3.0\/de\/legalcode\">CC-BY-SA 3.0 DE<\/a>, <a href=\"http:\/\/fotoarchiv-stadtarchiv.kiel.de\">http:\/\/fotoarchiv-stadtarchiv.kiel.de<\/a>.<\/p>\n","protected":false},"excerpt":{"rendered":"<p>Im Jahre 1885 wurde in der Gemeinde Suchsdorf eine Freiwillige Feuerwehr gegr\u00fcndet. Bisher hatte es nur eine Pflichtfeuerwehr gegeben. Animiert [&hellip;]<\/p>\n","protected":false},"author":2,"featured_media":0,"parent":0,"menu_order":0,"comment_status":"closed","ping_status":"closed","template":"","meta":{"footnotes":""},"class_list":["post-151","page","type-page","status-publish","hentry"],"_links":{"self":[{"href":"https:\/\/feuerwehr-suchsdorf.de\/index.php?rest_route=\/wp\/v2\/pages\/151","targetHints":{"allow":["GET"]}}],"collection":[{"href":"https:\/\/feuerwehr-suchsdorf.de\/index.php?rest_route=\/wp\/v2\/pages"}],"about":[{"href":"https:\/\/feuerwehr-suchsdorf.de\/index.php?rest_route=\/wp\/v2\/types\/page"}],"author":[{"embeddable":true,"href":"https:\/\/feuerwehr-suchsdorf.de\/index.php?rest_route=\/wp\/v2\/users\/2"}],"replies":[{"embeddable":true,"href":"https:\/\/feuerwehr-suchsdorf.de\/index.php?rest_route=%2Fwp%2Fv2%2Fcomments&post=151"}],"version-history":[{"count":5,"href":"https:\/\/feuerwehr-suchsdorf.de\/index.php?rest_route=\/wp\/v2\/pages\/151\/revisions"}],"predecessor-version":[{"id":323,"href":"https:\/\/feuerwehr-suchsdorf.de\/index.php?rest_route=\/wp\/v2\/pages\/151\/revisions\/323"}],"wp:attachment":[{"href":"https:\/\/feuerwehr-suchsdorf.de\/index.php?rest_route=%2Fwp%2Fv2%2Fmedia&parent=151"}],"curies":[{"name":"wp","href":"https:\/\/api.w.org\/{rel}","templated":true}]}}